{"id":63,"date":"2021-09-28T10:15:57","date_gmt":"2021-09-28T08:15:57","guid":{"rendered":"http:\/\/jo-contabo\/?page_id=63"},"modified":"2023-12-31T14:58:49","modified_gmt":"2023-12-31T13:58:49","slug":"ueber-mich","status":"publish","type":"page","link":"https:\/\/www.leon-villagra.de\/?page_id=63","title":{"rendered":"\u00dcber mich"},"content":{"rendered":"\n<figure class=\"wp-block-image size-large\"><img loading=\"lazy\" decoding=\"async\" width=\"1024\" height=\"929\" src=\"http:\/\/www.leon-villagra.de\/wp-content\/uploads\/2021\/09\/01_DSC08193-1-1024x929.jpg\" alt=\"\" class=\"wp-image-103\" srcset=\"https:\/\/www.leon-villagra.de\/wp-content\/uploads\/2021\/09\/01_DSC08193-1-1024x929.jpg 1024w, https:\/\/www.leon-villagra.de\/wp-content\/uploads\/2021\/09\/01_DSC08193-1-300x272.jpg 300w, https:\/\/www.leon-villagra.de\/wp-content\/uploads\/2021\/09\/01_DSC08193-1-768x696.jpg 768w, https:\/\/www.leon-villagra.de\/wp-content\/uploads\/2021\/09\/01_DSC08193-1-1536x1393.jpg 1536w, https:\/\/www.leon-villagra.de\/wp-content\/uploads\/2021\/09\/01_DSC08193-1-2048x1857.jpg 2048w\" sizes=\"(max-width: 706px) 89vw, (max-width: 767px) 82vw, 740px\" \/><figcaption><em>\u00dcbergriff. Angesichts-Noli me tangere, Gedok, Inselfestung Wilhelmstein<\/em><\/figcaption><\/figure>\n\n\n\n<p>\u201e<em>Bei Le\u00f3n-Villagr\u00e1 steht der Mensch im Vordergrund, der Mensch in der Spannung des Lebens, in der Fragilit\u00e4t seines Daseins, im Schnittpunkt zwischen Leben und Tod. In ihren Werken kommen verschiedene Elemente ihrer Arbeitsbereiche zusammen \u2014 Theater, Literatur, bildende Kunst vereinen sich<\/em>\u2026\u201c<\/p>\n\n\n\n<p><br>Dr. Carmen Putschky anl\u00e4sslich der Vernissage,&nbsp;<em>Angesichts \u2014 noli me tangere<\/em>, Wilhelmstein, 05.05.2019<\/p>\n","protected":false},"excerpt":{"rendered":"<p>\u201eBei Le\u00f3n-Villagr\u00e1 steht der Mensch im Vordergrund, der Mensch in der Spannung des Lebens, in der Fragilit\u00e4t seines Daseins, im Schnittpunkt zwischen Leben und Tod. In ihren Werken kommen verschiedene Elemente ihrer Arbeitsbereiche zusammen \u2014 Theater, Literatur, bildende Kunst vereinen sich\u2026\u201c Dr. Carmen Putschky anl\u00e4sslich der Vernissage,&nbsp;Angesichts \u2014 noli me tangere, Wilhelmstein, 05.05.2019<\/p>\n","protected":false},"author":1,"featured_media":0,"parent":0,"menu_order":10,"comment_status":"closed","ping_status":"closed","template":"","meta":{"iawp_total_views":97,"footnotes":""},"class_list":["post-63","page","type-page","status-publish","hentry"],"_links":{"self":[{"href":"https:\/\/www.leon-villagra.de\/index.php?rest_route=\/wp\/v2\/pages\/63"}],"collection":[{"href":"https:\/\/www.leon-villagra.de\/index.php?rest_route=\/wp\/v2\/pages"}],"about":[{"href":"https:\/\/www.leon-villagra.de\/index.php?rest_route=\/wp\/v2\/types\/page"}],"author":[{"embeddable":true,"href":"https:\/\/www.leon-villagra.de\/index.php?rest_route=\/wp\/v2\/users\/1"}],"replies":[{"embeddable":true,"href":"https:\/\/www.leon-villagra.de\/index.php?rest_route=%2Fwp%2Fv2%2Fcomments&post=63"}],"version-history":[{"count":6,"href":"https:\/\/www.leon-villagra.de\/index.php?rest_route=\/wp\/v2\/pages\/63\/revisions"}],"predecessor-version":[{"id":248,"href":"https:\/\/www.leon-villagra.de\/index.php?rest_route=\/wp\/v2\/pages\/63\/revisions\/248"}],"wp:attachment":[{"href":"https:\/\/www.leon-villagra.de\/index.php?rest_route=%2Fwp%2Fv2%2Fmedia&parent=63"}],"curies":[{"name":"wp","href":"https:\/\/api.w.org\/{rel}","templated":true}]}}